{"id":7,"date":"2008-09-14T12:42:02","date_gmt":"2008-09-14T10:42:02","guid":{"rendered":"http:\/\/www.dp-ag.org\/de\/?page_id=7"},"modified":"2023-06-10T01:01:23","modified_gmt":"2023-06-09T23:01:23","slug":"downloads","status":"publish","type":"page","link":"https:\/\/propagandaundwiderstand.de\/dpag\/downloads\/","title":{"rendered":"Downloads \/ Pobrania"},"content":{"rendered":"<p><span style=\"color: #ff0000;\">(Note: This page is still incomplete.)<\/span><\/p>\n<p><em>English<\/em><\/p>\n<p><strong>Miriam Arani<\/strong>:\u00a0<a href=\"https:\/\/propagandaundwiderstand.de\/dpag\/wp-content\/uploads\/2023\/04\/mendel_grosman_the_lodz_ghetto_photographs.pdf\">Mendel Grosman &#8211; The \u0141\u00f3dz\u0301 ghetto (1940-1944) photograph collection at the Wiener Library, London<\/a><\/p>\n<hr \/>\n<p><em>In Polish language<\/em><\/p>\n<p>W erze globalizacji i Internetu szybki dost\u0119p do wiadomo\u015bci sta\u0142 si\u0119 czym\u015b nie tylko\u00a0po\u017c\u0105danym, ale i oczywistym. Problemem pozostaje selekcja, wy\u0142awianie z medialnego\u00a0szumu tego, co naprawd\u0119 wa\u017cne i potrzebne. Powstanie i rozwijanie si\u0119, w nie maj\u0105cym\u00a0ko\u0144ca procesie, internetowej encyklopedii \u2013 Wikipedii \u2013 to pr\u00f3ba znalezienia odpowiedzi na\u00a0wyzwania, jakie stan\u0119\u0142y przed spo\u0142ecze\u0144stwami opartymi na wiedzy, zwi\u0105zane z codziennymi\u00a0zmaganiami milion\u00f3w ludzi z informacyjnym tsunami.<\/p>\n<p>Wprawdzie w\u0105tpliwo\u015bci budzi wci\u0105\u017c wiarygodno\u015b\u0107 artyku\u0142\u00f3w zamieszczanych w ramach globalnego projektu, jakim sta\u0142a si\u0119 Wikipedia, to jednak trudno ignorowa\u0107 jej istnienie oraz\u00a0fakt, \u017ce sta\u0142a si\u0119 popularnym \u017ar\u00f3d\u0142em informacji na ka\u017cdy temat. Warto wi\u0119c, nie\u00a0zapominaj\u0105c o tym, \u017ce zawarto\u015b\u0107 Wikipedii musi by\u0107 wci\u0105\u017c na nowo weryfikowana i\u00a0poprawiana, przyjrze\u0107 si\u0119 temu jak powstaje, tym bardziej, \u017ce Polacy nale\u017c\u0105 do\u00a0najaktywniejszych autor\u00f3w artyku\u0142\u00f3w rozpowszechnianych na jej stronach. W\u0142a\u015bnie o\u00a0rozwoju Wikipedii i Wikimedi\u00f3w w Polsce traktuje artyku\u0142 Adama Pohla.<\/p>\n<p>Zapraszamy do lektury &gt; <a href=\"https:\/\/propagandaundwiderstand.de\/dpag\/wp-content\/uploads\/2011\/03\/dpagev-pohl-internet2.pdf\">https:\/\/propagandaundwiderstand.de\/dpag\/wp-content\/uploads\/2011\/03\/dpagev-pohl-internet2.pdf<\/a><\/p>\n<p><strong>Adam Pohl<\/strong>:\u00a0<a href=\"https:\/\/propagandaundwiderstand.de\/dpag\/wp-content\/uploads\/2011\/03\/dpagev-pohl-internet2.pdf\">Wikipedia i Wikimedia w Polsce<\/a> (16.04.2011)<\/p>\n<p><strong>Miriam Arani<\/strong>: Podstawowe \u017ar\u00f3d\u0142a przy ustalaniu autorstwa fotografii z getta Litzmannstadt (1940-1944) w Wiener Library w Londynie. <a href=\"https:\/\/propagandaundwiderstand.de\/dpag\/wp-content\/uploads\/2023\/04\/plaranilodzwljpgsms.pdf\">Pobranie Plik PDF (29 stro\u0144)<\/a>\u00a0(2011)<\/p>\n<p>Historia stosunk\u00f3w niemiecko-polskich 1939-1945 w \u015bwietle fotografii. Konferencja specjalistyczna na temat \u017ar\u00f3de\u0142 fotograficznych z okresu drugiej wojny \u015bwiatowej 8.-10. czerwca 2005r. w Berlinie &gt; <a href=\"https:\/\/propagandaundwiderstand.de\/dpag\/wp-content\/uploads\/2023\/04\/dpag-foto2005pl.pdf\">https:\/\/propagandaundwiderstand.de\/dpag\/wp-content\/uploads\/2023\/04\/dpag-foto2005pl.pdf<\/a><\/p>\n<p>Fotografie jako historyczne \u017ar\u00f3d\u0142o informacji o stosunkach niemiecko-polskich w latach 1939-1945. Raport z konferencji w Berlinie w dniach 17-18 maja 2003r &gt; <a href=\"https:\/\/propagandaundwiderstand.de\/dpag\/wp-content\/uploads\/2023\/04\/dpag-foto2003pl.pdf\">https:\/\/propagandaundwiderstand.de\/dpag\/wp-content\/uploads\/2023\/04\/dpag-foto2003pl.pdf<\/a><\/p>\n<p><strong>Miriam Arani<\/strong>: Podstawowe \u017ar\u00f3d\u0142a przy ustalenia autorstwa fotografii z getta Litzmannstadt (1940-1944) w Wiener Library w Londynie. <span style=\"background-color: var(--color_content_background); color: var(--color_content_text); font-family: var(--typography_fonts_text);\">Dokumentacja kolekcja 43 zdj\u0119\u0107 z getta Litzmannstadt \u017cydowskich fotograf\u00f3w &gt; <a href=\"https:\/\/propagandaundwiderstand.de\/dpag\/wp-content\/uploads\/2023\/04\/dpag_arani_wlgrosmanpl.pdf\">https:\/\/propagandaundwiderstand.de\/dpag\/wp-content\/uploads\/2023\/04\/dpag_arani_wlgrosmanpl.pdf<\/a><\/span><\/p>\n<hr \/>\n<div class=\"post\">\n<div class=\"posttext\">\n<p><em>Deutschsprachig<\/em><\/p>\n<p><strong>Rita R\u00f6hr: Julius Bursche \u2013 aufrecht zwischen allen St\u00fchlen<\/strong>. Am 20. Februar 1942 starb der Generalsuperintendent der Evangelisch Augsburgischen Kirche in Polen \u2013 Julius(z)<sup>1<\/sup> Bursche \u2013 nach Jahren der Haft bei der Gestapo und im KZ Sachsenhausen im Polizeikrankenhaus Berlin. Sein Tod wirft die Frage auf, warum die Nationalsozialisten ihn und seine Familie so vehement verfolgten und die meisten m\u00e4nn- lichen Familienmitglieder umbrachten. Was steckte dahinter, wer verfolgte welche Interessen und wer war dabei mit wem verb\u00fcndet? Um die Anf\u00e4nge etwas besser zu verstehen, muss man hierzu in die Zeit der polnischen Teilungen zur\u00fcckgehen &gt; <a href=\"https:\/\/propagandaundwiderstand.de\/dpag\/wp-content\/uploads\/2016\/12\/dpagev-bursche-rr2016.pdf\">https:\/\/propagandaundwiderstand.de\/dpag\/wp-content\/uploads\/2016\/12\/dpagev-bursche-rr2016.pdf<\/a><\/p>\n<p><strong>Agnieszka \u0141uczak, Aleksandra Pietrowicz<\/strong>, Institut des Nationalen Gedenkens in Pozna\u0144: Unsere Ausstellung \u201eAlltag im besetzten Wielkopolska 1939- 1945\u201c. <strong>\u00dcbersetzt von Sebastian Engel<\/strong> &gt; <a href=\"https:\/\/propagandaundwiderstand.de\/dpag\/wp-content\/uploads\/2013\/12\/DPAGeV_IPNwlkpKORR.pdf\">https:\/\/propagandaundwiderstand.de\/dpag\/wp-content\/uploads\/2013\/12\/DPAGeV_IPNwlkpKORR.pdf<\/a><\/p>\n<p><strong>Deutsch-Polnische Geschichte 1939\u20131945 im Spiegel der Fotografie. Fachtagung der Deutsch-Polnischen Akademischen Gesellschaft e.V. zu fotografischen Quellen aus der Zeit des Zweiten Weltkriegs Berlin, 8. bis 10. Juni 2005.<\/strong>\u00a0Anl\u00e4\u00dflich des 60j\u00e4hrigen Kriegsendes f\u00fchrte die Deutsch-Polnische Akademische Gesellschaft in Berlin in Kooperation mit der Polnischen Akademie der Wissenschaften, der Polsko-Niemieckie Towarzystwo Akademickie (Krakau) und der Deutschen Gesellschaft f\u00fcr Photographie (K\u00f6ln) eine interdisziplin\u00e4re wissenschaftliche Tagung \u00fcber fotografische Quellen aus den Jahren 1939-1945 in deutschen und polnischen Sammlungsbest\u00e4nden durch. Die Veranstaltung wurde finanziell von der Stiftung f\u00fcr deutsch-polnische Zusammenarbeit unterst\u00fctzt. Bundestagspr\u00e4sident Wolfgang Thierse wies in seinem Gru\u00dfwort zu der Veranstaltung darauf hin, dass die Bedeutung von historischen Fotografien als Dokumenten der Erinnerung an den Zweiten Weltkrieg w\u00e4chst. Zugleich unterstrich er, welch schwieriges Unterfangen es ist, Fotografien als historische Quellen im bilateralen Kontext sachlich korrekt zu interpretieren &gt; <a href=\"https:\/\/propagandaundwiderstand.de\/dpag\/wp-content\/uploads\/2008\/09\/D-PLGesch3945SpiegelFotoJun05.pdf\">https:\/\/propagandaundwiderstand.de\/dpag\/wp-content\/uploads\/2008\/09\/D-PLGesch3945SpiegelFotoJun05.pdf<\/a><\/p>\n<p>&nbsp;<\/p>\n<p>&nbsp;<\/p>\n<\/div>\n<\/div>\n","protected":false},"excerpt":{"rendered":"<div class=\"entry-summary\">\n(Note: This page is still incomplete.) English Miriam Arani:\u00a0Mendel Grosman &#8211; The \u0141\u00f3dz\u0301 ghetto (1940-1944) photograph collection at the Wiener&hellip;\n<\/div>\n<div class=\"link-more\"><a href=\"https:\/\/propagandaundwiderstand.de\/dpag\/downloads\/\" class=\"more-link\">Continue reading<span class=\"screen-reader-text\"> &ldquo;Downloads \/ Pobrania&rdquo;<\/span>&hellip;<\/a><\/div>\n","protected":false},"author":1,"featured_media":0,"parent":0,"menu_order":5,"comment_status":"closed","ping_status":"closed","template":"","meta":{"footnotes":""},"class_list":["post-7","page","type-page","status-publish","hentry","entry"],"_links":{"self":[{"href":"https:\/\/propagandaundwiderstand.de\/dpag\/wp-json\/wp\/v2\/pages\/7","targetHints":{"allow":["GET"]}}],"collection":[{"href":"https:\/\/propagandaundwiderstand.de\/dpag\/wp-json\/wp\/v2\/pages"}],"about":[{"href":"https:\/\/propagandaundwiderstand.de\/dpag\/wp-json\/wp\/v2\/types\/page"}],"author":[{"embeddable":true,"href":"https:\/\/propagandaundwiderstand.de\/dpag\/wp-json\/wp\/v2\/users\/1"}],"replies":[{"embeddable":true,"href":"https:\/\/propagandaundwiderstand.de\/dpag\/wp-json\/wp\/v2\/comments?post=7"}],"version-history":[{"count":34,"href":"https:\/\/propagandaundwiderstand.de\/dpag\/wp-json\/wp\/v2\/pages\/7\/revisions"}],"predecessor-version":[{"id":539,"href":"https:\/\/propagandaundwiderstand.de\/dpag\/wp-json\/wp\/v2\/pages\/7\/revisions\/539"}],"wp:attachment":[{"href":"https:\/\/propagandaundwiderstand.de\/dpag\/wp-json\/wp\/v2\/media?parent=7"}],"curies":[{"name":"wp","href":"https:\/\/api.w.org\/{rel}","templated":true}]}}